{"id":27,"date":"2025-03-22T16:55:07","date_gmt":"2025-03-22T16:55:07","guid":{"rendered":"https:\/\/lab.villajoyosa.digital\/?page_id=27"},"modified":"2025-03-23T16:48:17","modified_gmt":"2025-03-23T16:48:17","slug":"la-brujula-digital","status":"publish","type":"page","link":"https:\/\/lab2.villajoyosa.digital\/es\/auditoria-diagnostico\/la-brujula-digital\/","title":{"rendered":"La Br\u00fajula Digital &#8211; [user_company]"},"content":{"rendered":"\n<p><em>Antes de construir, entendemos<\/em><\/p>\n\n\n\n<p>\u00a1Hola, !<\/p>\n\n\n\n<p><strong>La Br\u00fajula Digital<\/strong> es un proceso de descubrimiento guiado para ayudarle a entender sus necesidades digitales reales &#8211; antes de construir sitios web, herramientas o servicios.<br>Es parte de nuestro Lab en Villajoyosa Digital, donde la claridad viene antes que las soluciones<\/p>\n\n\n\n<h4 class=\"wp-block-heading\">Tranquila<\/h4>\n\n\n\n<p>Me alegro de que est\u00e9s aqu\u00ed. Esto significa que te has dado cuenta de que hay alg\u00fan aspecto de tu negocio que necesita cambiar o quieres conseguir un objetivo concreto, pero no sabes bien por d\u00f3nde empezar.<\/p>\n\n\n\n<p>Al finalizar este cuestionario tendr\u00e1s una visi\u00f3n global de la situaci\u00f3n y cuando nos reunamos comentaremos uno a uno todos los puntos para que seas capaz de identificar por ti misma cual es el mejor plan que seguir para lograr tus objetivos.<\/p>\n\n\n\n<h4 class=\"wp-block-heading\">Importante<\/h4>\n\n\n\n<p>Este cuestionario es una herramienta muy \u00fatil para saber en que situaci\u00f3n se encuentra tu negocio y en que puntos en concreto deber\u00edas invertir tu tiempo, energ\u00eda y dinero para conseguir el objetivo que buscas.<\/p>\n\n\n\n<p>Por tanto, mi recomendaci\u00f3n es que respondas estas preguntas dedic\u00e1ndole el tiempo que consideres necesario, pero en el que est\u00e9s concentrada y tengas en mente c\u00f3mo quieres que sea tu negocio.<\/p>\n\n\n<p>click the link in your e-mail you received<\/p>","protected":false},"excerpt":{"rendered":"<p>Antes de construir, entendemos \u00a1Hola, ! La Br\u00fajula Digital es un proceso de descubrimiento guiado para ayudarle a entender sus necesidades digitales reales &#8211; antes de construir sitios web, herramientas o servicios.Es parte de nuestro Lab en Villajoyosa Digital, donde la claridad viene antes que las soluciones Tranquila Me alegro de que est\u00e9s aqu\u00ed. Esto &#8230; <a title=\"La Br\u00fajula Digital &#8211; [user_company]\" class=\"read-more\" href=\"https:\/\/lab2.villajoyosa.digital\/es\/auditoria-diagnostico\/la-brujula-digital\/\" aria-label=\"Leer m\u00e1s sobre La Br\u00fajula Digital &#8211; [user_company]\">Leer m\u00e1s<\/a><\/p>\n","protected":false},"author":1,"featured_media":0,"parent":22,"menu_order":0,"comment_status":"closed","ping_status":"closed","template":"","meta":{"footnotes":""},"class_list":["post-27","page","type-page","status-publish"],"_links":{"self":[{"href":"https:\/\/lab2.villajoyosa.digital\/es\/wp-json\/wp\/v2\/pages\/27","targetHints":{"allow":["GET"]}}],"collection":[{"href":"https:\/\/lab2.villajoyosa.digital\/es\/wp-json\/wp\/v2\/pages"}],"about":[{"href":"https:\/\/lab2.villajoyosa.digital\/es\/wp-json\/wp\/v2\/types\/page"}],"author":[{"embeddable":true,"href":"https:\/\/lab2.villajoyosa.digital\/es\/wp-json\/wp\/v2\/users\/1"}],"replies":[{"embeddable":true,"href":"https:\/\/lab2.villajoyosa.digital\/es\/wp-json\/wp\/v2\/comments?post=27"}],"version-history":[{"count":19,"href":"https:\/\/lab2.villajoyosa.digital\/es\/wp-json\/wp\/v2\/pages\/27\/revisions"}],"predecessor-version":[{"id":78,"href":"https:\/\/lab2.villajoyosa.digital\/es\/wp-json\/wp\/v2\/pages\/27\/revisions\/78"}],"up":[{"embeddable":true,"href":"https:\/\/lab2.villajoyosa.digital\/es\/wp-json\/wp\/v2\/pages\/22"}],"wp:attachment":[{"href":"https:\/\/lab2.villajoyosa.digital\/es\/wp-json\/wp\/v2\/media?parent=27"}],"curies":[{"name":"wp","href":"https:\/\/api.w.org\/{rel}","templated":true}]}}